{"id":1518,"date":"2017-07-03T08:59:19","date_gmt":"2017-07-03T07:59:19","guid":{"rendered":"http:\/\/www.ecolenantaisedekarate.fr\/?page_id=1518"},"modified":"2024-06-11T13:00:06","modified_gmt":"2024-06-11T12:00:06","slug":"1518-2","status":"publish","type":"page","link":"https:\/\/www.ecolenantaisedekarate.fr\/?page_id=1518","title":{"rendered":"<Contacts>"},"content":{"rendered":"<ul>\n<li><strong>Facebook<\/strong>\n<ul>\n<li><em><a href=\"https:\/\/www.facebook.com\/pages\/Ecole%20Nantaise%20de%20Karat%C3%A9\/2115504572060438\/\" target=\"_blank\" rel=\"noopener noreferrer\"><u>Ecole Nantaise de Karat\u00e9<\/u><\/a><\/em><\/li>\n<li><em><a href=\"https:\/\/www.facebook.com\/groups\/269180226813645\/\" target=\"_blank\" rel=\"noopener noreferrer\"><u>Forum de l&rsquo;Ecole Nantaise de Karat\u00e9 (groupe restreint, acc\u00e8s sur demande)<\/u><\/a><\/em><\/li>\n<li><\/li>\n<\/ul>\n<\/li>\n<li><strong>Adresse Postale<\/strong>\n<ul>\n<li>13 rue Marcel Paul<\/li>\n<li>44000 NANTES<\/li>\n<\/ul>\n<\/li>\n<li><strong>T\u00e9l\u00e9phone<\/strong>\n<ul>\n<li><a href=\"tel: 06 72 72 57 16\">06.72.72.57.16<\/a><\/li>\n<\/ul>\n<\/li>\n<li><strong>Email<\/strong>\n<ul>\n<li><em><a href=\"mailto:ecolenantaisedekarate@gmail.com\"><u>ecolenantaisedekarate@gmail.com<\/u><\/a><\/em><\/li>\n<\/ul>\n<\/li>\n<\/ul>\n<p>&nbsp;<\/p>\n<p>&nbsp;<\/p>\n<ul>\n<li><b>Contact webmaster (administration du site web)<\/b>\n<ul>\n<li><em><a href=\"mailto:pulh832@ecolenantaisedekarate.fr\">webmaster@ecolenantaisedekarate.fr<\/a><\/em><\/li>\n<\/ul>\n<\/li>\n<\/ul>\n<p>&nbsp;<\/p>\n","protected":false},"excerpt":{"rendered":"<p>Facebook Ecole Nantaise de Karat\u00e9 Forum de l&rsquo;Ecole Nantaise de Karat\u00e9 (groupe restreint, acc\u00e8s sur demande) <a class=\"continue-reading-link\" href=\"https:\/\/www.ecolenantaisedekarate.fr\/?page_id=1518\">&#8230; <span class=\"meta-nav\">&rarr; <\/span><\/a><\/p>\n","protected":false},"author":2,"featured_media":0,"parent":0,"menu_order":0,"comment_status":"closed","ping_status":"closed","template":"","meta":{"footnotes":""},"class_list":["post-1518","page","type-page","status-publish","hentry"],"_links":{"self":[{"href":"https:\/\/www.ecolenantaisedekarate.fr\/index.php?rest_route=\/wp\/v2\/pages\/1518","targetHints":{"allow":["GET"]}}],"collection":[{"href":"https:\/\/www.ecolenantaisedekarate.fr\/index.php?rest_route=\/wp\/v2\/pages"}],"about":[{"href":"https:\/\/www.ecolenantaisedekarate.fr\/index.php?rest_route=\/wp\/v2\/types\/page"}],"author":[{"embeddable":true,"href":"https:\/\/www.ecolenantaisedekarate.fr\/index.php?rest_route=\/wp\/v2\/users\/2"}],"replies":[{"embeddable":true,"href":"https:\/\/www.ecolenantaisedekarate.fr\/index.php?rest_route=%2Fwp%2Fv2%2Fcomments&post=1518"}],"version-history":[{"count":36,"href":"https:\/\/www.ecolenantaisedekarate.fr\/index.php?rest_route=\/wp\/v2\/pages\/1518\/revisions"}],"predecessor-version":[{"id":2857,"href":"https:\/\/www.ecolenantaisedekarate.fr\/index.php?rest_route=\/wp\/v2\/pages\/1518\/revisions\/2857"}],"wp:attachment":[{"href":"https:\/\/www.ecolenantaisedekarate.fr\/index.php?rest_route=%2Fwp%2Fv2%2Fmedia&parent=1518"}],"curies":[{"name":"wp","href":"https:\/\/api.w.org\/{rel}","templated":true}]}}