{"id":2,"date":"2014-07-15T19:27:47","date_gmt":"2014-07-15T18:27:47","guid":{"rendered":"http:\/\/www.florajullien.net\/wp\/?page_id=2"},"modified":"2025-09-09T21:25:19","modified_gmt":"2025-09-09T20:25:19","slug":"page-d-exemple","status":"publish","type":"page","link":"https:\/\/www.ecolenantaisedekarate.fr\/?page_id=2","title":{"rendered":"Horaires, tarifs et inscriptions 2025-2026"},"content":{"rendered":"<p><strong>Salle Barboire, 45 rue de la Bourgeonni\u00e8re NANTES<\/strong><\/p>\n<p><span style=\"color: #ff0000;\"><strong>Horaires :<\/strong><\/span><\/p>\n<p><img loading=\"lazy\" decoding=\"async\" class=\"alignnone size-full wp-image-2940\" src=\"https:\/\/www.ecolenantaisedekarate.fr\/wp\/wp-content\/uploads\/2025\/08\/Horaires_2025_v3.png\" alt=\"\" width=\"1024\" height=\"724\" srcset=\"https:\/\/www.ecolenantaisedekarate.fr\/wp\/wp-content\/uploads\/2025\/08\/Horaires_2025_v3.png 1024w, https:\/\/www.ecolenantaisedekarate.fr\/wp\/wp-content\/uploads\/2025\/08\/Horaires_2025_v3-300x212.png 300w, https:\/\/www.ecolenantaisedekarate.fr\/wp\/wp-content\/uploads\/2025\/08\/Horaires_2025_v3-768x543.png 768w, https:\/\/www.ecolenantaisedekarate.fr\/wp\/wp-content\/uploads\/2025\/08\/Horaires_2025_v3-150x106.png 150w, https:\/\/www.ecolenantaisedekarate.fr\/wp\/wp-content\/uploads\/2025\/08\/Horaires_2025_v3-380x269.png 380w\" sizes=\"auto, (max-width: 1024px) 100vw, 1024px\" \/><\/p>\n<p><span style=\"color: #ff0000;\"><strong>Reprise des entra\u00eenements :<\/strong><\/span><\/p>\n<ul>\n<li><span style=\"color: #000000;\"><b>mardi 9 septembre 2025 <\/b><\/span>au gymnase de la Barboire.<\/li>\n<\/ul>\n<p><span style=\"color: #ff0000;\"><strong>Le dossier d&rsquo;inscription comprend :<\/strong><\/span><\/p>\n<ul>\n<li><strong>La demande de licence (<a href=\"https:\/\/www.ecolenantaisedekarate.fr\/wp\/wp-content\/uploads\/2025\/08\/licence-2025-2026_MD.pdf\" target=\"_blank\" rel=\"noopener\"><em><span style=\"color: #0000ff;\"><u>\u00e0 t\u00e9l\u00e9charger en cliquant ici<\/u><\/span><\/em><\/a>) remplie et sign\u00e9e <\/strong>ou que vous trouverez disponible au club pour la remplir sur place.<\/li>\n<li><strong>Ch\u00e8que de cotisation \u00e0 l&rsquo;ordre de Ecole Nantaise de Karat\u00e9 (possibilit\u00e9 de payer en 3 fois)<\/strong><\/li>\n<li><strong>Une photo d&rsquo;identit\u00e9<\/strong><\/li>\n<li><strong>Certificat m\u00e9dical<\/strong> :\n<ul>\n<li>Pour les mineurs :<a href=\"https:\/\/www.ecolenantaisedekarate.fr\/wp\/wp-content\/uploads\/2021\/09\/ATTESTATIONSURLHONNEURSPORTIFMINEUR.pdf\" target=\"_blank\" rel=\"noopener\"><span style=\"color: #0000ff;\"><em><strong> <u>attestation sur l&rsquo;honneur<\/u><\/strong><\/em><\/span><\/a>\u00a0de r\u00e9ponse au contenu du<span style=\"color: #0000ff;\"><em><strong> <a style=\"color: #0000ff;\" href=\"https:\/\/www.ecolenantaisedekarate.fr\/wp\/wp-content\/uploads\/2021\/09\/QUESTIONNAIREADESTINATIONDESLICENCIESMINEURS11.pdf\" target=\"_blank\" rel=\"noopener\"><u>questionnaire relatif \u00e0 l&rsquo;\u00e9tat de sant\u00e9 en vue de l&rsquo;obtention, du renouvellement d&rsquo;une licence ou de l&rsquo;inscription \u00e0 une comp\u00e9tition<\/u><\/a><\/strong><\/em><\/span>.<\/li>\n<li>Pour les majeurs : un certificat m\u00e9dical est demand\u00e9 pour une premi\u00e8re inscription et qui sera valable 3 ans. Pour tout renouvellement d&rsquo;adh\u00e9sion, fournir l&rsquo;<a href=\"https:\/\/www.ecolenantaisedekarate.fr\/wp\/wp-content\/uploads\/2021\/09\/ATTESTATIONSURLHONNEURSPORTIFMAJEUR.pdf\" target=\"_blank\" rel=\"noopener\"><span style=\"color: #0000ff;\"><em><strong><u>attestation sur l&rsquo;honneur<\/u><\/strong><\/em><\/span><\/a> de r\u00e9ponse au contenu du <a href=\"https:\/\/www.ecolenantaisedekarate.fr\/wp\/wp-content\/uploads\/2021\/09\/QUESTIONNAIREADESTINATIONDESLICENCIESMAJEURS.pdf\" target=\"_blank\" rel=\"noopener\"><span style=\"color: #0000ff;\"><em><strong><u>questionnaire relatif \u00e0 l&rsquo;\u00e9tat de sant\u00e9 pour le renouvellement d&rsquo;une licence<\/u><\/strong><\/em><\/span><\/a>.<\/li>\n<\/ul>\n<\/li>\n<li><a href=\"https:\/\/www.ecolenantaisedekarate.fr\/wp\/wp-content\/uploads\/2021\/08\/CONSIGNES-A-COMPTER-DU-30-aout-2021.pdf\" target=\"_blank\" rel=\"noopener\"><span style=\"color: #0000ff;\"><strong><em><u>Les cours se d\u00e9roulent dans le respect des Consignes sanitaires<\/u><\/em><\/strong><\/span><\/a><\/li>\n<li>Pour les nouveaux adh\u00e9rents il est possible d&rsquo;effectuer un cours d&rsquo;essai avant de s&rsquo;inscrire, venez au cours vous correspondant sur le planning.<\/li>\n<\/ul>\n<p>&nbsp;<\/p>\n<p style=\"font-weight: bold; color: #1d1d1b;\"><strong><span style=\"color: #ff0000;\">Tarifs 2025-2026 <\/span><\/strong><strong><span style=\"color: #ff0000;\">\u00a0:<\/span><\/strong><\/p>\n<p><img loading=\"lazy\" decoding=\"async\" class=\"alignnone size-full wp-image-2991\" src=\"https:\/\/www.ecolenantaisedekarate.fr\/wp\/wp-content\/uploads\/2025\/08\/Tarifs_2025_v3.png\" alt=\"\" width=\"838\" height=\"147\" srcset=\"https:\/\/www.ecolenantaisedekarate.fr\/wp\/wp-content\/uploads\/2025\/08\/Tarifs_2025_v3.png 838w, https:\/\/www.ecolenantaisedekarate.fr\/wp\/wp-content\/uploads\/2025\/08\/Tarifs_2025_v3-300x53.png 300w, https:\/\/www.ecolenantaisedekarate.fr\/wp\/wp-content\/uploads\/2025\/08\/Tarifs_2025_v3-768x135.png 768w, https:\/\/www.ecolenantaisedekarate.fr\/wp\/wp-content\/uploads\/2025\/08\/Tarifs_2025_v3-150x26.png 150w, https:\/\/www.ecolenantaisedekarate.fr\/wp\/wp-content\/uploads\/2025\/08\/Tarifs_2025_v3-380x67.png 380w\" sizes=\"auto, (max-width: 838px) 100vw, 838px\" \/><\/p>\n<div style=\"text-align: right;\"><b>\u00a0<\/b><\/div>\n<p><em><strong><a href=\"http:\/\/www.ecolenantaisedekarate.fr\/wp\/wp-content\/uploads\/2014\/09\/Reglement-interieur-ENK.pdf\" target=\"_blank\" rel=\"noopener noreferrer\">Consultez le r\u00e8glement int\u00e9rieur de l&rsquo;ENK<\/a><\/strong><\/em><\/p>\n","protected":false},"excerpt":{"rendered":"<p>Salle Barboire, 45 rue de la Bourgeonni\u00e8re NANTES Horaires : Reprise des entra\u00eenements : mardi 9 <a class=\"continue-reading-link\" href=\"https:\/\/www.ecolenantaisedekarate.fr\/?page_id=2\">&#8230; <span class=\"meta-nav\">&rarr; <\/span><\/a><\/p>\n","protected":false},"author":2,"featured_media":0,"parent":0,"menu_order":2,"comment_status":"closed","ping_status":"closed","template":"","meta":{"footnotes":""},"class_list":["post-2","page","type-page","status-publish","hentry"],"_links":{"self":[{"href":"https:\/\/www.ecolenantaisedekarate.fr\/index.php?rest_route=\/wp\/v2\/pages\/2","targetHints":{"allow":["GET"]}}],"collection":[{"href":"https:\/\/www.ecolenantaisedekarate.fr\/index.php?rest_route=\/wp\/v2\/pages"}],"about":[{"href":"https:\/\/www.ecolenantaisedekarate.fr\/index.php?rest_route=\/wp\/v2\/types\/page"}],"author":[{"embeddable":true,"href":"https:\/\/www.ecolenantaisedekarate.fr\/index.php?rest_route=\/wp\/v2\/users\/2"}],"replies":[{"embeddable":true,"href":"https:\/\/www.ecolenantaisedekarate.fr\/index.php?rest_route=%2Fwp%2Fv2%2Fcomments&post=2"}],"version-history":[{"count":133,"href":"https:\/\/www.ecolenantaisedekarate.fr\/index.php?rest_route=\/wp\/v2\/pages\/2\/revisions"}],"predecessor-version":[{"id":2994,"href":"https:\/\/www.ecolenantaisedekarate.fr\/index.php?rest_route=\/wp\/v2\/pages\/2\/revisions\/2994"}],"wp:attachment":[{"href":"https:\/\/www.ecolenantaisedekarate.fr\/index.php?rest_route=%2Fwp%2Fv2%2Fmedia&parent=2"}],"curies":[{"name":"wp","href":"https:\/\/api.w.org\/{rel}","templated":true}]}}