{"id":240,"date":"2014-08-25T07:28:19","date_gmt":"2014-08-25T06:28:19","guid":{"rendered":"http:\/\/www.ecolenantaisedekarate.fr\/?page_id=240"},"modified":"2024-06-11T13:36:32","modified_gmt":"2024-06-11T12:36:32","slug":"inscriptions","status":"publish","type":"page","link":"https:\/\/www.ecolenantaisedekarate.fr\/?page_id=240","title":{"rendered":"Quelques sites \u00ab\u00a0sympas\u00a0\u00bb :"},"content":{"rendered":"<p><a href=\"https:\/\/vitsport.fr\/\" target=\"_blank\" rel=\"noopener\"><img loading=\"lazy\" decoding=\"async\" class=\"alignnone wp-image-2858 size-full\" src=\"https:\/\/www.ecolenantaisedekarate.fr\/wp\/wp-content\/uploads\/2024\/06\/Visport.jpg\" alt=\"\" width=\"313\" height=\"277\" srcset=\"https:\/\/www.ecolenantaisedekarate.fr\/wp\/wp-content\/uploads\/2024\/06\/Visport.jpg 313w, https:\/\/www.ecolenantaisedekarate.fr\/wp\/wp-content\/uploads\/2024\/06\/Visport-300x265.jpg 300w, https:\/\/www.ecolenantaisedekarate.fr\/wp\/wp-content\/uploads\/2024\/06\/Visport-150x133.jpg 150w\" sizes=\"auto, (max-width: 313px) 100vw, 313px\" \/><\/a><\/p>\n<p><strong><em><span style=\"color: #3366ff;\"><a style=\"color: #3366ff;\" href=\"https:\/\/vitsport.fr\/\" target=\"_blank\" rel=\"noopener\"><u>https:\/\/vitsport.fr\/<\/u><\/a><\/span>\u00a0 \u00a0<\/em><\/strong>\u00a0Boutique sp\u00e9cialis\u00e9e sur Saint Herblain (Pays de la Loire) en \u00e9quipements d&rsquo;arts martiaux (Judo, Karat\u00e9, Aikido, Ju Jitsu, Kendo, &#8230;<\/p>\n","protected":false},"excerpt":{"rendered":"<p>https:\/\/vitsport.fr\/\u00a0 \u00a0\u00a0Boutique sp\u00e9cialis\u00e9e sur Saint Herblain (Pays de la Loire) en \u00e9quipements d&rsquo;arts martiaux (Judo, Karat\u00e9, <a class=\"continue-reading-link\" href=\"https:\/\/www.ecolenantaisedekarate.fr\/?page_id=240\">&#8230; <span class=\"meta-nav\">&rarr; <\/span><\/a><\/p>\n","protected":false},"author":2,"featured_media":0,"parent":0,"menu_order":5,"comment_status":"closed","ping_status":"closed","template":"","meta":{"footnotes":""},"class_list":["post-240","page","type-page","status-publish","hentry"],"_links":{"self":[{"href":"https:\/\/www.ecolenantaisedekarate.fr\/index.php?rest_route=\/wp\/v2\/pages\/240","targetHints":{"allow":["GET"]}}],"collection":[{"href":"https:\/\/www.ecolenantaisedekarate.fr\/index.php?rest_route=\/wp\/v2\/pages"}],"about":[{"href":"https:\/\/www.ecolenantaisedekarate.fr\/index.php?rest_route=\/wp\/v2\/types\/page"}],"author":[{"embeddable":true,"href":"https:\/\/www.ecolenantaisedekarate.fr\/index.php?rest_route=\/wp\/v2\/users\/2"}],"replies":[{"embeddable":true,"href":"https:\/\/www.ecolenantaisedekarate.fr\/index.php?rest_route=%2Fwp%2Fv2%2Fcomments&post=240"}],"version-history":[{"count":85,"href":"https:\/\/www.ecolenantaisedekarate.fr\/index.php?rest_route=\/wp\/v2\/pages\/240\/revisions"}],"predecessor-version":[{"id":2866,"href":"https:\/\/www.ecolenantaisedekarate.fr\/index.php?rest_route=\/wp\/v2\/pages\/240\/revisions\/2866"}],"wp:attachment":[{"href":"https:\/\/www.ecolenantaisedekarate.fr\/index.php?rest_route=%2Fwp%2Fv2%2Fmedia&parent=240"}],"curies":[{"name":"wp","href":"https:\/\/api.w.org\/{rel}","templated":true}]}}